{"id":48,"date":"2018-05-10T13:03:08","date_gmt":"2018-05-10T13:03:08","guid":{"rendered":"https:\/\/sidor.net.pl\/ivaiilo\/?page_id=48"},"modified":"2018-06-28T23:15:37","modified_gmt":"2018-06-28T21:15:37","slug":"404-error","status":"publish","type":"page","link":"https:\/\/sidor.net.pl\/ivaiilo\/404-error\/","title":{"rendered":"Tre\u015bci prywatne"},"content":{"rendered":"<p>Zawarto\u015b\u0107, kt\u00f3r\u0105 chcesz zobaczy\u0107 jest prywatna.<\/p>\n<p>Aby mie\u0107 do niej dost\u0119p musisz by\u0107 zalogowanym u\u017cytkownikiem.<\/p>\n<p><a href=\"https:\/\/sidor.net.pl\/ivaiilo\/wp-login.php\">PRZEJD\u0179 DO STRONY LOGOWANIA.<\/a><\/p>\n","protected":false},"excerpt":{"rendered":"<p>Zawarto\u015b\u0107, kt\u00f3r\u0105 chcesz zobaczy\u0107 jest prywatna. Aby mie\u0107 do niej dost\u0119p musisz by\u0107 zalogowanym u\u017cytkownikiem. PRZEJD\u0179 DO STRONY LOGOWANIA.<\/p>\n","protected":false},"author":32,"featured_media":0,"parent":0,"menu_order":0,"comment_status":"closed","ping_status":"closed","template":"page-fullwidth.php","meta":{"footnotes":""},"class_list":["post-48","page","type-page","status-publish","hentry"],"_links":{"self":[{"href":"https:\/\/sidor.net.pl\/ivaiilo\/wp-json\/wp\/v2\/pages\/48","targetHints":{"allow":["GET"]}}],"collection":[{"href":"https:\/\/sidor.net.pl\/ivaiilo\/wp-json\/wp\/v2\/pages"}],"about":[{"href":"https:\/\/sidor.net.pl\/ivaiilo\/wp-json\/wp\/v2\/types\/page"}],"author":[{"embeddable":true,"href":"https:\/\/sidor.net.pl\/ivaiilo\/wp-json\/wp\/v2\/users\/32"}],"replies":[{"embeddable":true,"href":"https:\/\/sidor.net.pl\/ivaiilo\/wp-json\/wp\/v2\/comments?post=48"}],"version-history":[{"count":4,"href":"https:\/\/sidor.net.pl\/ivaiilo\/wp-json\/wp\/v2\/pages\/48\/revisions"}],"predecessor-version":[{"id":261,"href":"https:\/\/sidor.net.pl\/ivaiilo\/wp-json\/wp\/v2\/pages\/48\/revisions\/261"}],"wp:attachment":[{"href":"https:\/\/sidor.net.pl\/ivaiilo\/wp-json\/wp\/v2\/media?parent=48"}],"curies":[{"name":"wp","href":"https:\/\/api.w.org\/{rel}","templated":true}]}}